{"id":194,"date":"2023-08-20T22:41:43","date_gmt":"2023-08-20T22:41:43","guid":{"rendered":"https:\/\/markficompany.com\/home\/?page_id=194"},"modified":"2023-08-29T20:23:22","modified_gmt":"2023-08-29T20:23:22","slug":"biometrica","status":"publish","type":"page","link":"https:\/\/markficompany.com\/home\/services\/biometrica\/","title":{"rendered":"Soluciones Biom\u00e9tricas"},"content":{"rendered":"\n\n\n<h1 dir=\"ltr\" style=\"line-height: 1.295; margin-top: 0pt; margin-bottom: 8pt;\"><span id=\"docs-internal-guid-8cf8e702-7fff-00d1-4268-3f4bb41e961b\"><span style=\"font-variant-numeric: normal; font-variant-east-asian: normal; font-variant-alternates: normal; vertical-align: baseline;\">Soluciones Biom\u00e9tricas&nbsp;<\/span><\/span><\/h1>\n\n<p dir=\"ltr\" style=\"line-height:1.295;margin-top:0pt;margin-bottom:8pt;\"><span style=\"font-variant-numeric: normal; font-variant-east-asian: normal; font-variant-alternates: normal; vertical-align: baseline;\">Innovatrics ABIS es un sistema de identificaci\u00f3n biom\u00e9trica automatizado para el reconocimiento de&nbsp;huellas dactilares, iris y&nbsp;rostros&nbsp;a gran escala.<\/span><\/p><p dir=\"ltr\" style=\"line-height:1.295;margin-top:0pt;margin-bottom:8pt;\"><span style=\"font-variant-numeric: normal; font-variant-east-asian: normal; font-variant-alternates: normal; vertical-align: baseline;\">A partir de potentes algoritmos biom\u00e9tricos patentados, Innovatrics ABIS consigue un rendimiento r\u00e1pido y preciso con unos requisitos m\u00ednimos de hardware. Gracias a su arquitectura modular, nuestra soluci\u00f3n ABIS es f\u00e1cil de personalizar para todos los casos de uso.<\/span><\/p><p dir=\"ltr\" style=\"line-height:1.295;margin-top:0pt;margin-bottom:8pt;\"><span style=\"font-variant-numeric: normal; font-variant-east-asian: normal; font-variant-alternates: normal; vertical-align: baseline;\">Una sencilla REST API&nbsp;permite a los integradores de sistemas integrarse de manera fluida y r\u00e1pida a sistemas de terceros.<\/span><\/p><p dir=\"ltr\" style=\"line-height:1.295;margin-top:0pt;margin-bottom:8pt;\"><span style=\"font-variant-numeric: normal; font-variant-east-asian: normal; font-variant-alternates: normal; vertical-align: baseline;\">Desde la primera implantaci\u00f3n de Innovatrics ABIS en el 2009, hemos implementado con \u00e9xito nuestro software ABIS a cientos de proyectos de identificaci\u00f3n, incluidos algunos de los sistemas biom\u00e9tricos multimodales m\u00e1s complejos del mundo<\/span><\/p><p dir=\"ltr\" style=\"line-height:1.295;margin-top:0pt;margin-bottom:8pt;\"><span style=\"font-variant-numeric: normal; font-variant-east-asian: normal; font-variant-alternates: normal; vertical-align: baseline;\">Innovatrics se ubica constantemente entre los mejores del mundo seg\u00fan las evaluaciones y certificaciones de referencia biom\u00e9trica, incluidas NIST MINEX III, NIST FpVTE, NIST FRVT, NIST PFT II y otras. Nuestro compromiso con la excelencia impulsa a nuestro equipo de I+D a seguir innovando. Al estar a la vanguardia de la IA para el tratamiento de im\u00e1genes, incorporan sus avances en los algoritmos utilizados en nuestras&nbsp;<\/span><a href=\"https:\/\/www.innovatrics.com\/es\/soluciones-biometricas\/\" style=\"\"><span style=\"font-variant-numeric: normal; font-variant-east-asian: normal; font-variant-alternates: normal; text-decoration-skip-ink: none; vertical-align: baseline;\">soluciones biom\u00e9tricas<\/span><\/a><span style=\"font-variant-numeric: normal; font-variant-east-asian: normal; font-variant-alternates: normal; vertical-align: baseline;\">.<\/span><\/p>\n\r\n<h2>Como lo hacemos<\/h2>\r\n\n<p dir=\"ltr\" style=\"margin-top: 0pt; margin-bottom: 8pt; line-height: 1.295;\"><span style=\"font-variant-numeric: normal; font-variant-east-asian: normal; font-variant-alternates: normal; vertical-align: baseline;\">Identificaci\u00f3n biom\u00e9trica multimodal de alto rendimiento<\/span><\/p><p dir=\"ltr\" style=\"margin-top: 0pt; margin-bottom: 8pt; line-height: 1.295;\"><span style=\"font-variant-numeric: normal; font-variant-east-asian: normal; font-variant-alternates: normal; vertical-align: baseline;\">Los algoritmos de reconocimiento de alto rendimiento de&nbsp;huellas dactilares,&nbsp;rostro&nbsp;e&nbsp;iris&nbsp;de Innovatrics se clasifican constantemente entre los mejores seg\u00fan las&nbsp;<\/span><a href=\"https:\/\/www.innovatrics.com\/awards\/\"><span style=\"font-variant-numeric: normal; font-variant-east-asian: normal; font-variant-alternates: normal; text-decoration-skip-ink: none; vertical-align: baseline;\">pruebas independientes del NIST<\/span><\/a><span style=\"font-variant-numeric: normal; font-variant-east-asian: normal; font-variant-alternates: normal; vertical-align: baseline;\">.<\/span><\/p><p dir=\"ltr\" style=\"margin-top: 0pt; margin-bottom: 8pt; line-height: 1.295;\"><span style=\"font-variant-numeric: normal; font-variant-east-asian: normal; font-variant-alternates: normal; vertical-align: baseline;\">Desarrollados y formados desde 2004 en nuestro laboratorio de I+D, los algoritmos biom\u00e9tricos de Innovatrics ofrecen alto rendimiento y precisi\u00f3n de coincidencia en grandes bases de datos.<\/span><\/p><p><p dir=\"ltr\" style=\"margin-top: 0pt; margin-bottom: 8pt; line-height: 1.295;\"><span id=\"docs-internal-guid-ed5edfd6-7fff-9d87-bf70-5b30bc71a24f\"><\/span><\/p><\/p><p dir=\"ltr\" style=\"box-sizing: border-box; padding: 0px; margin: 0pt 0px 8pt; overflow-wrap: break-word; font-family: Raleway; font-size: 16px; font-weight: 400; line-height: 1.295; color: rgb(0, 0, 0); font-style: normal; font-variant-ligatures: normal; font-variant-caps: normal; letter-spacing: normal; orphans: 2; text-align: start; text-indent: 0px; text-transform: none; widows: 2; word-spacing: 0px; -webkit-text-stroke-width: 0px; white-space: normal; text-decoration-thickness: initial; text-decoration-style: initial; text-decoration-color: initial;\"><span style=\"box-sizing: border-box; padding: 0px; margin: 0px; overflow-wrap: break-word; font-variant-numeric: normal; font-variant-east-asian: normal; font-variant-alternates: normal; vertical-align: baseline;\">Los algoritmos de Innovatrics se prueban y optimizan en conjuntos de datos bien equilibrados, lo que impulsa uno de los sistemas biom\u00e9tricos multimodales m\u00e1s flexibles y fiables del mercado.<\/span><\/p>\n\n\n\n","protected":false},"excerpt":{"rendered":"","protected":false},"author":1,"featured_media":0,"parent":31,"menu_order":0,"comment_status":"closed","ping_status":"closed","template":"","meta":{"_monsterinsights_skip_tracking":false,"_monsterinsights_sitenote_active":false,"_monsterinsights_sitenote_note":"","_monsterinsights_sitenote_category":0,"footnotes":""},"class_list":["post-194","page","type-page","status-publish","hentry"],"_links":{"self":[{"href":"https:\/\/markficompany.com\/home\/wp-json\/wp\/v2\/pages\/194","targetHints":{"allow":["GET"]}}],"collection":[{"href":"https:\/\/markficompany.com\/home\/wp-json\/wp\/v2\/pages"}],"about":[{"href":"https:\/\/markficompany.com\/home\/wp-json\/wp\/v2\/types\/page"}],"author":[{"embeddable":true,"href":"https:\/\/markficompany.com\/home\/wp-json\/wp\/v2\/users\/1"}],"replies":[{"embeddable":true,"href":"https:\/\/markficompany.com\/home\/wp-json\/wp\/v2\/comments?post=194"}],"version-history":[{"count":3,"href":"https:\/\/markficompany.com\/home\/wp-json\/wp\/v2\/pages\/194\/revisions"}],"predecessor-version":[{"id":219,"href":"https:\/\/markficompany.com\/home\/wp-json\/wp\/v2\/pages\/194\/revisions\/219"}],"up":[{"embeddable":true,"href":"https:\/\/markficompany.com\/home\/wp-json\/wp\/v2\/pages\/31"}],"wp:attachment":[{"href":"https:\/\/markficompany.com\/home\/wp-json\/wp\/v2\/media?parent=194"}],"curies":[{"name":"wp","href":"https:\/\/api.w.org\/{rel}","templated":true}]}}