{"id":192,"date":"2023-08-20T22:39:59","date_gmt":"2023-08-20T22:39:59","guid":{"rendered":"https:\/\/markficompany.com\/home\/?page_id=192"},"modified":"2023-08-20T22:56:05","modified_gmt":"2023-08-20T22:56:05","slug":"escritorio-remoto","status":"publish","type":"page","link":"https:\/\/markficompany.com\/home\/services\/escritorio-remoto\/","title":{"rendered":"Escritorio Remoto"},"content":{"rendered":"\n\n\n<h1 dir=\"ltr\" style=\"line-height: 1.295; margin-top: 0pt; margin-bottom: 8pt;\"><span id=\"docs-internal-guid-8cf8e702-7fff-00d1-4268-3f4bb41e961b\"><span style=\"font-variant-numeric: normal; font-variant-east-asian: normal; font-variant-alternates: normal; vertical-align: baseline;\">Escritorio Remoto<\/span><\/span><\/h1>\n\n<h6><span id=\"docs-internal-guid-801d152d-7fff-9888-d5f7-fbf81f604d35\"><span style=\"font-variant-numeric: normal; font-variant-east-asian: normal; font-variant-alternates: normal; vertical-align: baseline;\"><strong>Capacite a su fuerza de trabajo h\u00edbrida con una soluci\u00f3n de virtualizaci\u00f3n de escritorio totalmente integrada<\/strong><\/span><\/span><br><\/h6>\n<p dir=\"ltr\" style=\"line-height: 1.295; margin-top: 0pt; margin-bottom: 8pt;\"><span id=\"docs-internal-guid-a138f9d4-7fff-373d-473f-22a736739296\"><span style=\"font-variant-numeric: normal; font-variant-east-asian: normal; font-variant-alternates: normal; vertical-align: baseline;\">Apoye a sus empleados h\u00edbridos y elija MFC Cloud como su proveedor de virtualizaci\u00f3n de escritorio.&nbsp;La virtualizaci\u00f3n de escritorio proporciona a los empleados todos los archivos, carpetas y aplicaciones comerciales necesarios al alcance de su mano.&nbsp;Permite una transici\u00f3n perfecta entre la oficina y el trabajo desde casa.<\/span><\/span><br><\/p>\n<h2>Beneficios de usar soluci\u00f3n de virtualizaci\u00f3n de escritorio<\/h2>\n<p dir=\"ltr\" style=\"line-height: 1.295; margin-top: 0pt; margin-bottom: 8pt;\"><span id=\"docs-internal-guid-fe69068d-7fff-b951-7fff-c1c3998d5d10\"><\/span><\/p><ul style=\"margin-top:0;margin-bottom:0;padding-inline-start:48px;\"><li dir=\"ltr\" style=\"list-style-type: disc; font-variant-numeric: normal; font-variant-east-asian: normal; font-variant-alternates: normal; vertical-align: baseline;\" aria-level=\"1\"><p dir=\"ltr\" style=\"line-height: 1.295; margin-top: 0pt; margin-bottom: 8pt;\" role=\"presentation\"><span style=\"font-variant-numeric: normal; font-variant-east-asian: normal; font-variant-alternates: normal; vertical-align: baseline;\">Flexibilidad: acceda a aplicaciones y datos comerciales en cualquier dispositivo inform\u00e1tico, en cualquier lugar.<\/span><\/p><\/li><li dir=\"ltr\" style=\"list-style-type: disc; font-variant-numeric: normal; font-variant-east-asian: normal; font-variant-alternates: normal; vertical-align: baseline;\" aria-level=\"1\"><p dir=\"ltr\" style=\"line-height:1.295;margin-top:0pt;margin-bottom:8pt;\" role=\"presentation\"><span style=\"font-variant-numeric: normal; font-variant-east-asian: normal; font-variant-alternates: normal; vertical-align: baseline;\">Rentable: elimine los gastos de capital iniciales para equipos, personal adicional, hardware, almacenamiento y mantenimiento.<\/span><\/p><\/li><li dir=\"ltr\" style=\"list-style-type: disc; font-variant-numeric: normal; font-variant-east-asian: normal; font-variant-alternates: normal; vertical-align: baseline;\" aria-level=\"1\"><p dir=\"ltr\" style=\"line-height:1.295;margin-top:0pt;margin-bottom:8pt;\" role=\"presentation\"><span style=\"font-variant-numeric: normal; font-variant-east-asian: normal; font-variant-alternates: normal; vertical-align: baseline;\">Aumente la seguridad: la virtualizaci\u00f3n de escritorio alojada protege los datos confidenciales y reduce las amenazas con firewalls de alta gama, protecci\u00f3n DDoS, monitoreo 24\/7, MFA y SSO.<\/span><\/p><\/li><li dir=\"ltr\" style=\"list-style-type: disc; font-variant-numeric: normal; font-variant-east-asian: normal; font-variant-alternates: normal; vertical-align: baseline;\" aria-level=\"1\"><p dir=\"ltr\" style=\"line-height:1.295;margin-top:0pt;margin-bottom:8pt;\" role=\"presentation\"><span style=\"font-variant-numeric: normal; font-variant-east-asian: normal; font-variant-alternates: normal; vertical-align: baseline;\">Administraci\u00f3n simplificada&nbsp;: el software de virtualizaci\u00f3n de escritorio ayuda a administrar el acceso de sus usuarios, los recursos de la nube, la configuraci\u00f3n de seguridad y las copias de seguridad con una consola de administraci\u00f3n intuitiva.<\/span><\/p><\/li><li dir=\"ltr\" style=\"list-style-type: disc; font-variant-numeric: normal; font-variant-east-asian: normal; font-variant-alternates: normal; vertical-align: baseline;\" aria-level=\"1\"><p dir=\"ltr\" style=\"line-height:1.295;margin-top:0pt;margin-bottom:8pt;\" role=\"presentation\"><span style=\"font-variant-numeric: normal; font-variant-east-asian: normal; font-variant-alternates: normal; vertical-align: baseline;\">Aumente la productividad&nbsp;: acceda de forma segura a aplicaciones y documentos empresariales especializados sobre la marcha desde cualquier dispositivo.<\/span><\/p><\/li><li dir=\"ltr\" style=\"list-style-type: disc; font-variant-numeric: normal; font-variant-east-asian: normal; font-variant-alternates: normal; vertical-align: baseline;\" aria-level=\"1\"><p dir=\"ltr\" style=\"line-height:1.295;margin-top:0pt;margin-bottom:8pt;\" role=\"presentation\"><span style=\"font-variant-numeric: normal; font-variant-east-asian: normal; font-variant-alternates: normal; vertical-align: baseline;\">Facilite la incorporaci\u00f3n&nbsp;: Proporcione nuevos espacios de trabajo a los empleados sin necesidad de enviar computadoras port\u00e1tiles.<\/span><\/p><\/li><li dir=\"ltr\" style=\"list-style-type: disc; font-variant-numeric: normal; font-variant-east-asian: normal; font-variant-alternates: normal; vertical-align: baseline;\" aria-level=\"1\"><p dir=\"ltr\" style=\"line-height: 1.295; margin-top: 0pt; margin-bottom: 8pt;\" role=\"presentation\"><span style=\"font-variant-numeric: normal; font-variant-east-asian: normal; font-variant-alternates: normal; vertical-align: baseline;\">Respetuoso con el medio ambiente&nbsp;: elimine la necesidad de comprar hardware y reduzca el uso y los costos de energ\u00eda internos.<\/span><\/p><\/li><\/ul>\n<p><span id=\"docs-internal-guid-61588177-7fff-86c9-fbb4-1536bbee71ec\"><span style=\"font-variant-numeric: normal; font-variant-east-asian: normal; font-variant-alternates: normal; vertical-align: baseline;\"><strong>Use la virtualizaci\u00f3n de escritorio como una soluci\u00f3n de recuperaci\u00f3n ante desastres<\/strong><\/span><\/span><\/p>\n<p><span\u00a0id=\"docs-internal-guid-61588177-7fff-86c9-fbb4-1536bbee71ec\"><span style=\"font-variant-numeric: normal; font-variant-east-asian: normal; font-variant-alternates: normal; vertical-align: baseline;\"><strong><\/strong><\/span><span id=\"docs-internal-guid-9d84e0e7-7fff-19e2-f848-f27d5d4805a7\"><\/span><\/span\u00a0id=\"docs-internal-guid-61588177-7fff-86c9-fbb4-1536bbee71ec\"><\/p><p dir=\"ltr\" style=\"line-height:1.295;margin-top:0pt;margin-bottom:8pt;\"><span style=\"font-variant-numeric: normal; font-variant-east-asian: normal; font-variant-alternates: normal; vertical-align: baseline;\">En caso de desastre, migre f\u00e1cilmente desde escritorios locales a escritorios virtuales en la nube con poco o ning\u00fan tiempo de inactividad.&nbsp;Los equipos de TI pueden implementar y controlar escritorios virtuales desde una consola de administraci\u00f3n.&nbsp;Sus usuarios finales no necesitar\u00e1n usar software de acceso remoto adicional<\/span><\/p>&nbsp;\n<h2>Porqu\u00e9 elegir MFC Cloud como su proveedor de virtualizaci\u00f3n de escritorio<\/h2>\n\n<p dir=\"ltr\" style=\"line-height:1.295;margin-top:0pt;margin-bottom:8pt;\"><span style=\"font-variant-numeric: normal; font-variant-east-asian: normal; font-variant-alternates: normal; vertical-align: baseline;\"><strong>Alto rendimiento<\/strong><\/span><\/p><p dir=\"ltr\" style=\"line-height:1.295;margin-top:0pt;margin-bottom:8pt;\"><span style=\"font-variant-numeric: normal; font-variant-east-asian: normal; font-variant-alternates: normal; vertical-align: baseline;\">Nuestra oferta de software de virtualizaci\u00f3n de escritorio de rendimiento optimizado junto con nuestras s\u00f3lidas asociaciones con algunos de los mejores centros de datos del mundo ofrecen la mejor experiencia a los usuarios con hardware de servidor de clase empresarial y latencia m\u00ednima.<\/span><\/p><p dir=\"ltr\" style=\"line-height:1.295;margin-top:0pt;margin-bottom:8pt;\"><span style=\"font-variant-numeric: normal; font-variant-east-asian: normal; font-variant-alternates: normal; vertical-align: baseline;\"><strong>Soporte t\u00e9cnico de clase mundial<\/strong><\/span><\/p><p dir=\"ltr\" style=\"line-height:1.295;margin-top:0pt;margin-bottom:8pt;\"><span style=\"font-variant-numeric: normal; font-variant-east-asian: normal; font-variant-alternates: normal; vertical-align: baseline;\">Soporte t\u00e9cnico fan\u00e1tico ilimitado los 7 d\u00edas de la semana.&nbsp;Ayudamos a nuestros usuarios con problemas en cuesti\u00f3n de minutos, respondiendo a sus solicitudes por chat en l\u00ednea, correo electr\u00f3nico y tel\u00e9fono.&nbsp;Todo gratis.<\/span><\/p><p dir=\"ltr\" style=\"line-height:1.295;margin-top:0pt;margin-bottom:8pt;\"><span style=\"font-variant-numeric: normal; font-variant-east-asian: normal; font-variant-alternates: normal; vertical-align: baseline;\"><strong>Precios de tarifa plana<\/strong><\/span><\/p><p dir=\"ltr\" style=\"line-height:1.295;margin-top:0pt;margin-bottom:8pt;\"><span style=\"font-variant-numeric: normal; font-variant-east-asian: normal; font-variant-alternates: normal; vertical-align: baseline;\">Nuestro precio de virtualizaci\u00f3n de escritorio es transparente y se fija mensualmente sin pedido m\u00ednimo ni contrato.<\/span><\/p><p dir=\"ltr\" style=\"line-height:1.295;margin-top:0pt;margin-bottom:8pt;\"><span style=\"font-variant-numeric: normal; font-variant-east-asian: normal; font-variant-alternates: normal; vertical-align: baseline;\"><strong>Seguridad mejorada<\/strong><\/span><\/p><p dir=\"ltr\" style=\"line-height:1.295;margin-top:0pt;margin-bottom:8pt;\"><span style=\"font-variant-numeric: normal; font-variant-east-asian: normal; font-variant-alternates: normal; vertical-align: baseline;\">M\u00f3dulos de seguridad integrados, como MFA y SSO, monitoreo proactivo y cumplimiento de est\u00e1ndares de seguridad.<\/span><\/p><p dir=\"ltr\" style=\"line-height:1.295;margin-top:0pt;margin-bottom:8pt;\"><span style=\"font-variant-numeric: normal; font-variant-east-asian: normal; font-variant-alternates: normal; vertical-align: baseline;\"><strong>Mejor confiabilidad<\/strong><\/span><\/p><p dir=\"ltr\" style=\"line-height:1.295;margin-top:0pt;margin-bottom:8pt;\"><span style=\"font-variant-numeric: normal; font-variant-east-asian: normal; font-variant-alternates: normal; vertical-align: baseline;\">Monitorizamos tu infraestructura Cloud 24\/7 para garantizar una disponibilidad Cloud del 99,95%. Sus usuarios pueden acceder a los servicios de virtualizaci\u00f3n de escritorio sin interrupci\u00f3n.<\/span><\/p><p dir=\"ltr\" style=\"line-height:1.295;margin-top:0pt;margin-bottom:8pt;\"><span style=\"font-variant-numeric: normal; font-variant-east-asian: normal; font-variant-alternates: normal; vertical-align: baseline;\"><strong>Personalizable<\/strong><\/span><\/p><p dir=\"ltr\" style=\"line-height:1.295;margin-top:0pt;margin-bottom:8pt;\"><span style=\"font-variant-numeric: normal; font-variant-east-asian: normal; font-variant-alternates: normal; vertical-align: baseline;\">Nuestro equipo de incorporaci\u00f3n de clientes lo ayudar\u00e1 a instalar sus aplicaciones comerciales y migrar sus datos, brindando a cada usuario una experiencia personalizada.<\/span><\/p><p dir=\"ltr\" style=\"line-height:1.295;margin-top:0pt;margin-bottom:8pt;\"><span style=\"font-variant-numeric: normal; font-variant-east-asian: normal; font-variant-alternates: normal; vertical-align: baseline;\"><strong>Cambiar de CapEx a OpEx<\/strong><\/span><\/p><p dir=\"ltr\" style=\"line-height:1.295;margin-top:0pt;margin-bottom:8pt;\"><span style=\"font-variant-numeric: normal; font-variant-east-asian: normal; font-variant-alternates: normal; vertical-align: baseline;\">Con el modelo de pago por uso de MFC Cloud, abandone los gastos de capital (CapEx) y disfrute de una mayor flexibilidad en sus gastos operativos (OpEx). Reduzca los costos de su infraestructura en la nube utilizando nuestra soluci\u00f3n de virtualizaci\u00f3n de escritorio.<\/span><\/p><p dir=\"ltr\" style=\"line-height:1.295;margin-top:0pt;margin-bottom:8pt;\"><span style=\"font-variant-numeric: normal; font-variant-east-asian: normal; font-variant-alternates: normal; vertical-align: baseline;\"><strong>\u00bfQu\u00e9 es la virtualizaci\u00f3n de escritorio y c\u00f3mo funciona?<\/strong><\/span><\/p><p><span id=\"docs-internal-guid-d6834fa5-7fff-1f52-d1c4-4ec58b6006ec\"><\/span><\/p><p dir=\"ltr\" style=\"line-height:1.295;margin-top:0pt;margin-bottom:8pt;\"><span style=\"font-variant-numeric: normal; font-variant-east-asian: normal; font-variant-alternates: normal; vertical-align: baseline;\">La virtualizaci\u00f3n de escritorio es una tecnolog\u00eda que permite a los usuarios finales acceder a escritorios virtualizados impulsados \u200b\u200bpor la nube.&nbsp;Permite al usuario acceder a su escritorio desde cualquier dispositivo inform\u00e1tico.&nbsp;Est\u00e1 creando una versi\u00f3n virtual en un sistema operativo (SO) y recreando un entorno de escritorio.&nbsp;Hay varios tipos de implementaciones, como VDI, RDS o DaaS.&nbsp;Las diferencias entre estas implementaciones de virtualizaci\u00f3n de escritorio son el uso de m\u00e1quinas virtuales (VM), el protocolo de escritorio remoto (RDP) y el backend de la infraestructura.&nbsp;Esta tecnolog\u00eda es excelente para las empresas y, seg\u00fan el tipo de implementaci\u00f3n, puede reducir los gastos generales de TI y permitir el trabajo remoto.<\/span><\/p>\n\n\n","protected":false},"excerpt":{"rendered":"","protected":false},"author":1,"featured_media":0,"parent":31,"menu_order":0,"comment_status":"closed","ping_status":"closed","template":"","meta":{"_monsterinsights_skip_tracking":false,"_monsterinsights_sitenote_active":false,"_monsterinsights_sitenote_note":"","_monsterinsights_sitenote_category":0,"footnotes":""},"class_list":["post-192","page","type-page","status-publish","hentry"],"_links":{"self":[{"href":"https:\/\/markficompany.com\/home\/wp-json\/wp\/v2\/pages\/192","targetHints":{"allow":["GET"]}}],"collection":[{"href":"https:\/\/markficompany.com\/home\/wp-json\/wp\/v2\/pages"}],"about":[{"href":"https:\/\/markficompany.com\/home\/wp-json\/wp\/v2\/types\/page"}],"author":[{"embeddable":true,"href":"https:\/\/markficompany.com\/home\/wp-json\/wp\/v2\/users\/1"}],"replies":[{"embeddable":true,"href":"https:\/\/markficompany.com\/home\/wp-json\/wp\/v2\/comments?post=192"}],"version-history":[{"count":3,"href":"https:\/\/markficompany.com\/home\/wp-json\/wp\/v2\/pages\/192\/revisions"}],"predecessor-version":[{"id":199,"href":"https:\/\/markficompany.com\/home\/wp-json\/wp\/v2\/pages\/192\/revisions\/199"}],"up":[{"embeddable":true,"href":"https:\/\/markficompany.com\/home\/wp-json\/wp\/v2\/pages\/31"}],"wp:attachment":[{"href":"https:\/\/markficompany.com\/home\/wp-json\/wp\/v2\/media?parent=192"}],"curies":[{"name":"wp","href":"https:\/\/api.w.org\/{rel}","templated":true}]}}