{"id":131,"date":"2023-07-22T03:09:48","date_gmt":"2023-07-22T03:09:48","guid":{"rendered":"https:\/\/markficompany.com\/home\/?page_id=131"},"modified":"2023-07-22T03:37:04","modified_gmt":"2023-07-22T03:37:04","slug":"predictive-analytics","status":"publish","type":"page","link":"https:\/\/markficompany.com\/home\/services\/predictive-analytics\/","title":{"rendered":"Predictive Analytics"},"content":{"rendered":"\n\n\n<h1 dir=\"ltr\" style=\"line-height: 1.295; margin-top: 0pt; margin-bottom: 8pt;\"><span id=\"docs-internal-guid-8cf8e702-7fff-00d1-4268-3f4bb41e961b\"><span style=\"font-variant-numeric: normal; font-variant-east-asian: normal; font-variant-alternates: normal; vertical-align: baseline;\">Predictive Analytics<\/span><\/span><br><\/h1>\n\n<p dir=\"ltr\" style=\"line-height:1.295;margin-top:0pt;margin-bottom:8pt;\"><span style=\"font-variant-numeric: normal; font-variant-east-asian: normal; font-variant-alternates: normal; vertical-align: baseline;\"><strong>Aplicamos modelos de Machine Learning para detectar oportunidades y amenazas en tu compa\u00f1\u00eda.<\/strong><\/span><\/p><p dir=\"ltr\" style=\"line-height:1.295;margin-top:0pt;margin-bottom:8pt;\"><strong>Los modelos de inteligencia artificial y anal\u00edtica predictiva te permitir\u00e1n conocer la actividad, el comportamiento y las tendencias de tu compa\u00f1\u00eda en el futuro. Esta tecnolog\u00eda te ayuda a predecir lo que suceder\u00e1 a trav\u00e9s de t\u00e9cnicas estad\u00edsticas de modelizaci\u00f3n, aprendizaje autom\u00e1tico y miner\u00eda de datos.<\/strong><br><\/p>\n\r\n<h2>Como lo hacemos<\/h2>\r\n\n\n<p dir=\"ltr\" style=\"line-height: 1.295; margin-top: 0pt; margin-bottom: 8pt;\"><strong><u>Data Science<\/u><\/strong><\/p><span id=\"docs-internal-guid-7586540e-7fff-a231-b1c1-f1e7425ea7ac\"><p dir=\"ltr\" style=\"line-height:1.295;margin-top:0pt;margin-bottom:8pt;\"><span style=\"font-variant-numeric: normal; font-variant-east-asian: normal; font-variant-alternates: normal; vertical-align: baseline;\">Desarrollo de modelos estad\u00edsticos para poder modelos ciertos procesos e interpretar el comportamiento de las variables que tienen incidencia. Modelos de predicci\u00f3n de demanda, comportamiento de pago, fuga de clientes y otros son los principales objetivos a la hora de desarrollar este tipo de soluciones que implementamos a trav\u00e9s de codificaci\u00f3n en R o Python.<\/span><\/p><strong><u><br><\/u><\/strong><p dir=\"ltr\" style=\"line-height:1.295;margin-top:0pt;margin-bottom:8pt;\"><span style=\"font-variant-numeric: normal; font-variant-east-asian: normal; font-variant-alternates: normal; vertical-align: baseline;\"><strong><u>Machine Learning<\/u><\/strong><\/span><\/p><p dir=\"ltr\" style=\"line-height:1.295;margin-top:0pt;margin-bottom:8pt;\"><span style=\"font-variant-numeric: normal; font-variant-east-asian: normal; font-variant-alternates: normal; vertical-align: baseline;\">El desarrollo de modelos y algoritmos a trav\u00e9s del uso de inteligencia artificial para distintas aplicaciones es lo que buscamos realizar en esta \u00e1rea, los modelos de machine learning permiten integrar m\u00faltiples variables y analizar relaciones que no son evidentes al ojo humano. Aplicaciones en el campo de las finanzas, operaciones, log\u00edstica, etc. Para este tipo de soluciones utilizamos principalmente las herramientas disponibles a trav\u00e9s de R o Python y tambi\u00e9n buscamos integrar nuestras soluciones con los modelos ya entrenados que tienen disponibles las distintas nubes p\u00fablicas existentes.<\/span><\/p><\/span>\n<span id=\"docs-internal-guid-7586540e-7fff-a231-b1c1-f1e7425ea7ac\"><p dir=\"ltr\" style=\"line-height:1.295;margin-top:0pt;margin-bottom:8pt;\"><span style=\"font-variant-numeric: normal; font-variant-east-asian: normal; font-variant-alternates: normal; vertical-align: baseline;\"><\/span><\/p><p dir=\"ltr\" style=\"line-height:1.295;margin-top:0pt;margin-bottom:8pt;\"><span style=\"font-variant-numeric: normal; font-variant-east-asian: normal; font-variant-alternates: normal; vertical-align: baseline;\"><strong><u>Operations Analytics<\/u><\/strong><\/span><\/p><p dir=\"ltr\" style=\"line-height:1.295;margin-top:0pt;margin-bottom:8pt;\"><span style=\"font-variant-numeric: normal; font-variant-east-asian: normal; font-variant-alternates: normal; vertical-align: baseline;\">El uso de modelo predictivos para hacer eficiente la operaci\u00f3n de plantas industriales y flotas de maquinaria es el objetivo de esta \u00e1rea, detectando puntos de mejoras y desarrollando modelos para poder realizar mejora continua en las \u00e1reas de operaciones. Modelos de predicci\u00f3n Generar reportes automatizados de fory detecci\u00f3n temprana de fallas, descubrimiento de periodos o recurrencia de fallas, an\u00e1lisis integral de OEE (Overall Equipment Effectiveness)<\/span><\/p><\/span><p dir=\"ltr\" style=\"line-height: 1.295; margin-top: 0pt; margin-bottom: 8pt;\">&nbsp;<\/p>\n\n\n\n\n","protected":false},"excerpt":{"rendered":"","protected":false},"author":1,"featured_media":0,"parent":31,"menu_order":0,"comment_status":"closed","ping_status":"closed","template":"","meta":{"_monsterinsights_skip_tracking":false,"_monsterinsights_sitenote_active":false,"_monsterinsights_sitenote_note":"","_monsterinsights_sitenote_category":0,"footnotes":""},"class_list":["post-131","page","type-page","status-publish","hentry"],"_links":{"self":[{"href":"https:\/\/markficompany.com\/home\/wp-json\/wp\/v2\/pages\/131","targetHints":{"allow":["GET"]}}],"collection":[{"href":"https:\/\/markficompany.com\/home\/wp-json\/wp\/v2\/pages"}],"about":[{"href":"https:\/\/markficompany.com\/home\/wp-json\/wp\/v2\/types\/page"}],"author":[{"embeddable":true,"href":"https:\/\/markficompany.com\/home\/wp-json\/wp\/v2\/users\/1"}],"replies":[{"embeddable":true,"href":"https:\/\/markficompany.com\/home\/wp-json\/wp\/v2\/comments?post=131"}],"version-history":[{"count":5,"href":"https:\/\/markficompany.com\/home\/wp-json\/wp\/v2\/pages\/131\/revisions"}],"predecessor-version":[{"id":142,"href":"https:\/\/markficompany.com\/home\/wp-json\/wp\/v2\/pages\/131\/revisions\/142"}],"up":[{"embeddable":true,"href":"https:\/\/markficompany.com\/home\/wp-json\/wp\/v2\/pages\/31"}],"wp:attachment":[{"href":"https:\/\/markficompany.com\/home\/wp-json\/wp\/v2\/media?parent=131"}],"curies":[{"name":"wp","href":"https:\/\/api.w.org\/{rel}","templated":true}]}}