{"id":121,"date":"2023-07-22T02:41:38","date_gmt":"2023-07-22T02:41:38","guid":{"rendered":"https:\/\/markficompany.com\/home\/?page_id=121"},"modified":"2023-07-22T04:11:39","modified_gmt":"2023-07-22T04:11:39","slug":"business-intelligence","status":"publish","type":"page","link":"https:\/\/markficompany.com\/home\/services\/business-intelligence\/","title":{"rendered":"Business Intelligence"},"content":{"rendered":"\n\n\n\r\n<h1 dir=\"ltr\" style=\"line-height: 1.295; margin-top: 0pt; margin-bottom: 8pt;\"><span style=\"font-variant-numeric: normal; font-variant-east-asian: normal; font-variant-alternates: normal; vertical-align: baseline;\">Business Intelligence<\/span><\/h1>\r\n\n\n<p dir=\"ltr\" style=\"line-height: 1.295; margin-top: 0pt; margin-bottom: 8pt;\"><span style=\"font-variant-numeric: normal; font-variant-east-asian: normal; font-variant-alternates: normal; vertical-align: baseline;\"><strong>Utilizamos la informaci\u00f3n de tu empresa para apoyarte en la toma de decisiones estrat\u00e9gicas.<\/strong><\/span><\/p>\n<p dir=\"ltr\" style=\"line-height: 1.295; margin-top: 0pt; margin-bottom: 8pt;\"><strong><span style=\"font-variant-numeric: normal; font-variant-east-asian: normal; font-variant-alternates: normal; vertical-align: baseline;\">Convierte tus datos en informaci\u00f3n con nuestros servicios de Business Intelligence<\/span>&nbsp;<\/strong><\/p>\n<p dir=\"ltr\" style=\"line-height: 1.295; margin-top: 0pt; margin-bottom: 8pt;\"><span style=\"font-variant-numeric: normal; font-variant-east-asian: normal; font-variant-alternates: normal; vertical-align: baseline;\"><strong>Nuestros servicios de Business Intelligence te permiten integrar, visualizar y analizar los grandes vol\u00famenes de datos de tu compa\u00f1\u00eda para convertirlos en informaci\u00f3n crucial. Con esta tecnolog\u00eda puedes obtener reportes automatizados de forma \u00e1gil e inmediata, mediante paneles interactivos y con dashboards de f\u00e1cil manejo. \u00a1Conoce m\u00e1s de nuestro servicio de BI!<\/strong><\/span><\/p>\n<h2>Como lo hacemos<\/h2>\n\n<p dir=\"ltr\" style=\"line-height:1.295;margin-top:0pt;margin-bottom:8pt;\"><span style=\"font-variant-numeric: normal; font-variant-east-asian: normal; font-variant-alternates: normal; vertical-align: baseline;\"><\/span><\/p><span style=\"font-size:medium;\"><p dir=\"ltr\" style=\"line-height:1.295;margin-top:0pt;margin-bottom:8pt;\"><strong><u>Integraci\u00f3n<\/u><\/strong><br><\/p><\/span><p dir=\"ltr\" style=\"line-height:1.295;margin-top:0pt;margin-bottom:8pt;\"><span style=\"font-variant-numeric: normal; font-variant-east-asian: normal; font-variant-alternates: normal; vertical-align: baseline;\">Parte importante del proceso de Business Intelligence para las empresa es la integraci\u00f3n de sistemas, el uso de herramientas de ETL para poder recopilar la informaci\u00f3n de las distintas fuentes y adem\u00e1s aplicar las l\u00f3gicas del negocio. Como resultado en MAS Analytics trabajamos con m\u00faltiples herramientas de ETL siendo las m\u00e1s usadas: Data Integration (Pentaho) e Integration Services (Microsoft).<\/span><\/p><p><strong><u><br><\/u><\/strong><\/p><p dir=\"ltr\" style=\"line-height:1.295;margin-top:0pt;margin-bottom:8pt;\"><span style=\"font-variant-numeric: normal; font-variant-east-asian: normal; font-variant-alternates: normal; vertical-align: baseline;\"><strong><u>Data Warehousing<\/u><\/strong><\/span><\/p><p dir=\"ltr\" style=\"line-height:1.295;margin-top:0pt;margin-bottom:8pt;\"><span style=\"font-variant-numeric: normal; font-variant-east-asian: normal; font-variant-alternates: normal; vertical-align: baseline;\">El Data Warehousing es el repositorio central de datos de una empresa. Desde aqu\u00ed podemos extraer todo tipo de informaci\u00f3n para realizar la correcta gesti\u00f3n. Dada la importancia y la naturaleza del Data Warehouse (DW), su estructura debe tener una determinada forma y adem\u00e1s un dise\u00f1o que ayude a optimizar las consultas realizadas. Como consultora de Business Intelligence nos dedicamos a crear DW robustos, consistentes y adem\u00e1s escalables, que le permitan a nuestros clientes tener una base s\u00f3lida para realizar las gestiones necesarias<\/span><\/p><p><strong><u><br><\/u><\/strong><\/p><p dir=\"ltr\" style=\"line-height:1.295;margin-top:0pt;margin-bottom:8pt;\"><span style=\"font-variant-numeric: normal; font-variant-east-asian: normal; font-variant-alternates: normal; vertical-align: baseline;\"><strong><u>Visualizaci\u00f3n<\/u><\/strong><\/span><\/p><p><\/p><p dir=\"ltr\" style=\"line-height:1.295;margin-top:0pt;margin-bottom:8pt;\"><span style=\"font-variant-numeric: normal; font-variant-east-asian: normal; font-variant-alternates: normal; vertical-align: baseline;\">Como proveedores de Business Intelligence en Chile trabajamos con los principales software de la industria. As\u00ed Somos consultores de Power BI, Qlik, Tableau y Google Data Studio. Una vez que se tienen definidas las fuentes, se pueden generan los dashboards, gr\u00e1ficos, tablas, indicadores, reportes, etc.<\/span><\/p><p><span style=\"font-size:11pt;font-family:Calibri,sans-serif;color:#000000;background-color:transparent;font-weight:400;font-style:normal;font-variant:normal;text-decoration:none;vertical-align:baseline;white-space:pre;white-space:pre-wrap;\"><br><\/span><\/p>\n\n\n\n\n","protected":false},"excerpt":{"rendered":"","protected":false},"author":1,"featured_media":0,"parent":31,"menu_order":0,"comment_status":"closed","ping_status":"closed","template":"","meta":{"_monsterinsights_skip_tracking":false,"_monsterinsights_sitenote_active":false,"_monsterinsights_sitenote_note":"","_monsterinsights_sitenote_category":0,"footnotes":""},"class_list":["post-121","page","type-page","status-publish","hentry"],"_links":{"self":[{"href":"https:\/\/markficompany.com\/home\/wp-json\/wp\/v2\/pages\/121","targetHints":{"allow":["GET"]}}],"collection":[{"href":"https:\/\/markficompany.com\/home\/wp-json\/wp\/v2\/pages"}],"about":[{"href":"https:\/\/markficompany.com\/home\/wp-json\/wp\/v2\/types\/page"}],"author":[{"embeddable":true,"href":"https:\/\/markficompany.com\/home\/wp-json\/wp\/v2\/users\/1"}],"replies":[{"embeddable":true,"href":"https:\/\/markficompany.com\/home\/wp-json\/wp\/v2\/comments?post=121"}],"version-history":[{"count":9,"href":"https:\/\/markficompany.com\/home\/wp-json\/wp\/v2\/pages\/121\/revisions"}],"predecessor-version":[{"id":163,"href":"https:\/\/markficompany.com\/home\/wp-json\/wp\/v2\/pages\/121\/revisions\/163"}],"up":[{"embeddable":true,"href":"https:\/\/markficompany.com\/home\/wp-json\/wp\/v2\/pages\/31"}],"wp:attachment":[{"href":"https:\/\/markficompany.com\/home\/wp-json\/wp\/v2\/media?parent=121"}],"curies":[{"name":"wp","href":"https:\/\/api.w.org\/{rel}","templated":true}]}}